{"id":116,"date":"2021-08-11T14:23:35","date_gmt":"2021-08-11T14:23:35","guid":{"rendered":"http:\/\/kuulokenurkka.com\/?page_id=116"},"modified":"2026-01-12T13:30:25","modified_gmt":"2026-01-12T13:30:25","slug":"contact","status":"publish","type":"page","link":"https:\/\/kuulokenurkka.com\/en\/ota-yhteytta\/","title":{"rendered":"Contact"},"content":{"rendered":"\n<p>Voit olla yhteydess\u00e4 Kuulokenurkkaan seuraavalla lomakkeella, jos haluat esimerkiksi antaa palautetta tai lainata tuotteita testaamista, arvioimista tai vaikkapa taajuusvastemittauksia varten. Annamme my\u00f6s mielell\u00e4mme palautetta ja parannusehdotuksia kehitysvaiheessa olevista tuotteista, joten voit hy\u00f6dynt\u00e4\u00e4 osaamistamme my\u00f6s tuotekehityksess\u00e4. Keskustelemme niin ik\u00e4\u00e4n mielell\u00e4mme kuulokkeista ja niihin liittyvist\u00e4 aihepiireist\u00e4 t\u00e4ysin vapaamuotoisestikin.<\/p>\n\n\n<div class=\"wpforms-container wpforms-container-full wpforms-block wpforms-block-434b9c3a-10d6-4cd4-8749-437154a6cb4c\" id=\"wpforms-161\"><form id=\"wpforms-form-161\" class=\"wpforms-validate wpforms-form wpforms-ajax-form\" data-formid=\"161\" method=\"post\" enctype=\"multipart\/form-data\" action=\"\/en\/wp-json\/wp\/v2\/pages\/116\" data-token=\"0a396d852d135bbea8474ba2659bf033\" data-token-time=\"1777361173\"><noscript class=\"wpforms-error-noscript\">Please enable JavaScript in your browser to complete this form.<\/noscript><div class=\"wpforms-field-container\"><div id=\"wpforms-161-field_0-container\" class=\"wpforms-field wpforms-field-name\" data-field-id=\"0\"><label class=\"wpforms-field-label\" for=\"wpforms-161-field_0\">Nimi\/Nimimerkki <span class=\"wpforms-required-label\">*<\/span><\/label><input type=\"text\" id=\"wpforms-161-field_0\" class=\"wpforms-field-small wpforms-field-required\" name=\"wpforms[fields][0]\" required><\/div><div id=\"wpforms-161-field_1-container\" class=\"wpforms-field wpforms-field-email\" data-field-id=\"1\"><label class=\"wpforms-field-label\" for=\"wpforms-161-field_1\">S\u00e4hk\u00f6postiosoite<\/label><input type=\"email\" id=\"wpforms-161-field_1\" class=\"wpforms-field-small\" name=\"wpforms[fields][1]\" spellcheck=\"false\" ><div class=\"wpforms-field-description\">Voit antaa s\u00e4hk\u00f6postiosoitteesi, jos haluat vastauksen viestiisi<\/div><\/div><div id=\"wpforms-161-field_2-container\" class=\"wpforms-field wpforms-field-textarea\" data-field-id=\"2\"><label class=\"wpforms-field-label\" for=\"wpforms-161-field_2\">Kommentti tai viesti <span class=\"wpforms-required-label\">*<\/span><\/label><textarea id=\"wpforms-161-field_2\" class=\"wpforms-field-large wpforms-field-required\" name=\"wpforms[fields][2]\" required><\/textarea><\/div><\/div><!-- .wpforms-field-container --><div class=\"wpforms-submit-container\" ><input type=\"hidden\" name=\"wpforms[id]\" value=\"161\"><input type=\"hidden\" name=\"page_title\" value=\"\"><input type=\"hidden\" name=\"page_url\" value=\"https:\/\/kuulokenurkka.com\/en\/wp-json\/wp\/v2\/pages\/116\"><input type=\"hidden\" name=\"url_referer\" value=\"\"><button type=\"submit\" name=\"wpforms[submit]\" id=\"wpforms-submit-161\" class=\"wpforms-submit\" data-alt-text=\"L\u00e4hetet\u00e4\u00e4n...\" data-submit-text=\"L\u00e4het\u00e4\" aria-live=\"assertive\" value=\"wpforms-submit\">L\u00e4het\u00e4<\/button><img loading=\"lazy\" decoding=\"async\" src=\"https:\/\/kuulokenurkka.com\/wp-content\/plugins\/wpforms-lite\/assets\/images\/submit-spin.svg\" class=\"wpforms-submit-spinner\" style=\"display: none;\" width=\"26\" height=\"26\" alt=\"Loading\"><\/div><\/form><\/div>  <!-- .wpforms-container -->","protected":false},"excerpt":{"rendered":"<p>Voit olla yhteydess\u00e4 Kuulokenurkkaan seuraavalla lomakkeella, jos haluat esimerkiksi antaa palautetta tai lainata tuotteita testaamista, arvioimista tai vaikkapa taajuusvastemittauksia varten. Annamme my\u00f6s mielell\u00e4mme palautetta ja parannusehdotuksia kehitysvaiheessa olevista tuotteista, joten voit hy\u00f6dynt\u00e4\u00e4 osaamistamme my\u00f6s tuotekehityksess\u00e4.<\/p>","protected":false},"author":1,"featured_media":0,"parent":0,"menu_order":0,"comment_status":"closed","ping_status":"closed","template":"templates\/no-sidebar.php","meta":{"om_disable_all_campaigns":false,"footnotes":""},"class_list":["post-116","page","type-page","status-publish","hentry"],"jetpack_sharing_enabled":true,"_links":{"self":[{"href":"https:\/\/kuulokenurkka.com\/en\/wp-json\/wp\/v2\/pages\/116","targetHints":{"allow":["GET"]}}],"collection":[{"href":"https:\/\/kuulokenurkka.com\/en\/wp-json\/wp\/v2\/pages"}],"about":[{"href":"https:\/\/kuulokenurkka.com\/en\/wp-json\/wp\/v2\/types\/page"}],"author":[{"embeddable":true,"href":"https:\/\/kuulokenurkka.com\/en\/wp-json\/wp\/v2\/users\/1"}],"replies":[{"embeddable":true,"href":"https:\/\/kuulokenurkka.com\/en\/wp-json\/wp\/v2\/comments?post=116"}],"version-history":[{"count":6,"href":"https:\/\/kuulokenurkka.com\/en\/wp-json\/wp\/v2\/pages\/116\/revisions"}],"predecessor-version":[{"id":42331,"href":"https:\/\/kuulokenurkka.com\/en\/wp-json\/wp\/v2\/pages\/116\/revisions\/42331"}],"wp:attachment":[{"href":"https:\/\/kuulokenurkka.com\/en\/wp-json\/wp\/v2\/media?parent=116"}],"curies":[{"name":"wp","href":"https:\/\/api.w.org\/{rel}","templated":true}]}}